{"id":91,"date":"2024-09-09T22:24:15","date_gmt":"2024-09-09T22:24:15","guid":{"rendered":"https:\/\/red-rehabilitacion-visual.com.ar\/red\/?page_id=91"},"modified":"2025-09-11T12:35:48","modified_gmt":"2025-09-11T12:35:48","slug":"registro-jornada-de-actualizacion-25-10-25","status":"publish","type":"page","link":"https:\/\/red-rehabilitacion-visual.com.ar\/red\/registro-jornada-de-actualizacion-25-10-25\/","title":{"rendered":""},"content":{"rendered":"\n<h3 class=\"wp-block-heading alignwide has-text-align-center has-text-color has-link-color wp-elements-9b2e7ae7a1c892b811491c6b757d32f8\" style=\"color:#990099;font-size:clamp(1.79rem, 1.79rem + ((1vw - 0.2rem) * 2.382), 3.1rem);\"><strong>Registro Jornada de Actualizaci\u00f3n<\/strong><\/h3>\n\n\n\n<p class=\"has-text-align-center has-text-color has-link-color wp-elements-1609175a82ca20e8f697e9d8f811c73c\" style=\"color:#990099;font-size:clamp(1.79rem, 1.79rem + ((1vw - 0.2rem) * 2.382), 3.1rem);\"><strong> Red Baja Visi\u00f3n<\/strong><\/p>\n\n\n\n<h4 class=\"wp-block-heading alignwide has-text-align-center\" style=\"margin-top:30px;margin-right:0;margin-bottom:30px;margin-left:0;font-size:clamp(1.039rem, 1.039rem + ((1vw - 0.2rem) * 1.02), 1.6rem);\"><strong>Dirigido a m\u00e9dicos oftalm\u00f3logos y profesionales relacionados con la rehabilitaci\u00f3n visual.<br>S\u00e1bado 25 de octubre 9 a 12 hs \u2013 ONLINE.<br>Actividad gratuita con inscripci\u00f3n previa<\/strong>.<\/h4>\n\n\n<style id=\"wpforms-css-vars-80-block-42b08f0b-19b4-47ef-b228-881d1b269da9\">\n\t\t\t\t#wpforms-80.wpforms-block-42b08f0b-19b4-47ef-b228-881d1b269da9 {\n\t\t\t\t--wpforms-field-border-color: #000000;\n--wpforms-field-border-color-spare: #000000;\n--wpforms-field-size-input-height: 43px;\n--wpforms-field-size-input-spacing: 15px;\n--wpforms-field-size-font-size: 16px;\n--wpforms-field-size-line-height: 19px;\n--wpforms-field-size-padding-h: 14px;\n--wpforms-field-size-checkbox-size: 16px;\n--wpforms-field-size-sublabel-spacing: 5px;\n--wpforms-field-size-icon-size: 1;\n--wpforms-label-size-font-size: 16px;\n--wpforms-label-size-line-height: 19px;\n--wpforms-label-size-sublabel-font-size: 14px;\n--wpforms-label-size-sublabel-line-height: 17px;\n--wpforms-button-size-font-size: 17px;\n--wpforms-button-size-height: 41px;\n--wpforms-button-size-padding-h: 15px;\n--wpforms-button-size-margin-top: 10px;\n\n\t\t\t}\n\t\t\t<\/style><div class=\"wpforms-container wpforms-container-full wpforms-block wpforms-block-42b08f0b-19b4-47ef-b228-881d1b269da9 wpforms-render-modern\" id=\"wpforms-80\"><form id=\"wpforms-form-80\" class=\"wpforms-validate wpforms-form wpforms-ajax-form\" data-formid=\"80\" method=\"post\" enctype=\"multipart\/form-data\" action=\"\/red\/wp-json\/wp\/v2\/pages\/91\" data-token=\"b76eb7d219574431eb1115a96eb50908\" data-token-time=\"1777038072\"><noscript class=\"wpforms-error-noscript\">Por favor, activa JavaScript en tu navegador para completar este formulario.<\/noscript><div id=\"wpforms-error-noscript\" style=\"display: none;\">Por favor, activa JavaScript en tu navegador para completar este formulario.<\/div><div class=\"wpforms-field-container\"><div id=\"wpforms-80-field_1-container\" class=\"wpforms-field wpforms-field-text\" data-field-id=\"1\"><label class=\"wpforms-field-label\" for=\"wpforms-80-field_1\">Apellido <span class=\"wpforms-required-label\" aria-hidden=\"true\">*<\/span><\/label><input type=\"text\" id=\"wpforms-80-field_1\" class=\"wpforms-field-medium wpforms-field-required\" name=\"wpforms[fields][1]\" aria-errormessage=\"wpforms-80-field_1-error\" required><\/div><div id=\"wpforms-80-field_2-container\" class=\"wpforms-field wpforms-field-text\" data-field-id=\"2\"><label class=\"wpforms-field-label\" for=\"wpforms-80-field_2\">Nombre <span class=\"wpforms-required-label\" aria-hidden=\"true\">*<\/span><\/label><input type=\"text\" id=\"wpforms-80-field_2\" class=\"wpforms-field-medium wpforms-field-required\" name=\"wpforms[fields][2]\" aria-errormessage=\"wpforms-80-field_2-error\" required><\/div><div id=\"wpforms-80-field_3-container\" class=\"wpforms-field wpforms-field-email\" data-field-id=\"3\"><fieldset><legend class=\"wpforms-field-label\">e-Mail <span class=\"wpforms-required-label\" aria-hidden=\"true\">*<\/span><\/legend><div class=\"wpforms-field-row wpforms-field-medium\"><div class=\"wpforms-field-row-block wpforms-one-half wpforms-first\"><input type=\"email\" id=\"wpforms-80-field_3\" class=\"wpforms-field-required wpforms-field-email-primary\" name=\"wpforms[fields][3][primary]\" spellcheck=\"false\" aria-errormessage=\"wpforms-80-field_3-error\" required><label for=\"wpforms-80-field_3\" class=\"wpforms-field-sublabel after\">Correo electr\u00f3nico<\/label><\/div><div class=\"wpforms-field-row-block wpforms-one-half\"><input type=\"email\" id=\"wpforms-80-field_3-secondary\" class=\"wpforms-field-email-secondary wpforms-field-required\" data-rule-confirm=\"#wpforms-80-field_3\" name=\"wpforms[fields][3][secondary]\" spellcheck=\"false\" aria-errormessage=\"wpforms-80-field_3-secondary-error\" required><label for=\"wpforms-80-field_3-secondary\" class=\"wpforms-field-sublabel after\">Confirmar el correo electr\u00f3nico<\/label><\/div><\/div><\/fieldset><\/div><div id=\"wpforms-80-field_4-container\" class=\"wpforms-field wpforms-field-text\" data-field-id=\"4\"><label class=\"wpforms-field-label\" for=\"wpforms-80-field_4\">Tel\u00e9fono M\u00f3vil <span class=\"wpforms-required-label\" aria-hidden=\"true\">*<\/span><\/label><input type=\"text\" id=\"wpforms-80-field_4\" class=\"wpforms-field-medium wpforms-field-required\" name=\"wpforms[fields][4]\" aria-errormessage=\"wpforms-80-field_4-error\" required><\/div><div id=\"wpforms-80-field_5-container\" class=\"wpforms-field wpforms-field-text\" data-field-id=\"5\"><label class=\"wpforms-field-label\" for=\"wpforms-80-field_5\">Direcci\u00f3n del consultorio\/cl\u00ednica <span class=\"wpforms-required-label\" aria-hidden=\"true\">*<\/span><\/label><input type=\"text\" id=\"wpforms-80-field_5\" class=\"wpforms-field-medium wpforms-field-required\" name=\"wpforms[fields][5]\" aria-errormessage=\"wpforms-80-field_5-error\" required><\/div><div id=\"wpforms-80-field_6-container\" class=\"wpforms-field wpforms-field-text\" data-field-id=\"6\"><label class=\"wpforms-field-label\" for=\"wpforms-80-field_6\">Ciudad <span class=\"wpforms-required-label\" aria-hidden=\"true\">*<\/span><\/label><input type=\"text\" id=\"wpforms-80-field_6\" class=\"wpforms-field-medium wpforms-field-required\" name=\"wpforms[fields][6]\" aria-errormessage=\"wpforms-80-field_6-error\" required><\/div><div id=\"wpforms-80-field_7-container\" class=\"wpforms-field wpforms-field-text\" data-field-id=\"7\"><label class=\"wpforms-field-label\" for=\"wpforms-80-field_7\">Provincia <span class=\"wpforms-required-label\" aria-hidden=\"true\">*<\/span><\/label><input type=\"text\" id=\"wpforms-80-field_7\" class=\"wpforms-field-medium wpforms-field-required\" name=\"wpforms[fields][7]\" aria-errormessage=\"wpforms-80-field_7-error\" required><\/div><div id=\"wpforms-80-field_8-container\" class=\"wpforms-field wpforms-field-text\" data-field-id=\"8\"><label class=\"wpforms-field-label\" for=\"wpforms-80-field_8\">Pais <span class=\"wpforms-required-label\" aria-hidden=\"true\">*<\/span><\/label><input type=\"text\" id=\"wpforms-80-field_8\" class=\"wpforms-field-medium wpforms-field-required\" name=\"wpforms[fields][8]\" aria-errormessage=\"wpforms-80-field_8-error\" required><\/div><div id=\"wpforms-80-field_14-container\" class=\"wpforms-field wpforms-field-text\" data-field-id=\"14\"><label class=\"wpforms-field-label\" for=\"wpforms-80-field_14\">Profesi\u00f3n<\/label><input type=\"text\" id=\"wpforms-80-field_14\" class=\"wpforms-field-medium\" name=\"wpforms[fields][14]\" aria-errormessage=\"wpforms-80-field_14-error\" ><\/div><div id=\"wpforms-80-field_12-container\" class=\"wpforms-field wpforms-field-text\" data-field-id=\"12\"><label class=\"wpforms-field-label\" for=\"wpforms-80-field_12\">Otras especialidades<\/label><input type=\"text\" id=\"wpforms-80-field_12\" class=\"wpforms-field-large\" name=\"wpforms[fields][12]\" aria-errormessage=\"wpforms-80-field_12-error\" ><\/div><div id=\"wpforms-80-field_13-container\" class=\"wpforms-field wpforms-field-textarea\" data-field-id=\"13\"><label class=\"wpforms-field-label\" for=\"wpforms-80-field_13\">Comentarios<\/label><textarea id=\"wpforms-80-field_13\" class=\"wpforms-field-medium\" name=\"wpforms[fields][13]\" aria-errormessage=\"wpforms-80-field_13-error\" ><\/textarea><\/div><\/div><!-- .wpforms-field-container --><div class=\"wpforms-submit-container\" ><input type=\"hidden\" name=\"wpforms[id]\" value=\"80\"><input type=\"hidden\" name=\"page_title\" value=\"\"><input type=\"hidden\" name=\"page_url\" value=\"https:\/\/red-rehabilitacion-visual.com.ar\/red\/wp-json\/wp\/v2\/pages\/91\"><input type=\"hidden\" name=\"url_referer\" value=\"\"><button type=\"submit\" name=\"wpforms[submit]\" id=\"wpforms-submit-80\" class=\"wpforms-submit\" data-alt-text=\"Enviando...\" data-submit-text=\"Enviar\" aria-live=\"assertive\" value=\"wpforms-submit\">Enviar<\/button><img loading=\"lazy\" decoding=\"async\" src=\"https:\/\/red-rehabilitacion-visual.com.ar\/red\/wp-content\/plugins\/wpforms-lite\/assets\/images\/submit-spin.svg\" class=\"wpforms-submit-spinner\" style=\"display: none;\" width=\"26\" height=\"26\" alt=\"Cargando\"><\/div><\/form><\/div>  <!-- .wpforms-container -->","protected":false},"excerpt":{"rendered":"<p>Registro Jornada de Actualizaci\u00f3n Red Baja Visi\u00f3n Dirigido a m\u00e9dicos oftalm\u00f3logos y profesionales relacionados con la rehabilitaci\u00f3n visual.S\u00e1bado 25 de octubre 9 a 12 hs \u2013 ONLINE.Actividad gratuita con inscripci\u00f3n previa.<\/p>\n","protected":false},"author":1,"featured_media":0,"parent":0,"menu_order":0,"comment_status":"closed","ping_status":"closed","template":"","meta":{"footnotes":""},"class_list":["post-91","page","type-page","status-publish","hentry"],"_links":{"self":[{"href":"https:\/\/red-rehabilitacion-visual.com.ar\/red\/wp-json\/wp\/v2\/pages\/91","targetHints":{"allow":["GET"]}}],"collection":[{"href":"https:\/\/red-rehabilitacion-visual.com.ar\/red\/wp-json\/wp\/v2\/pages"}],"about":[{"href":"https:\/\/red-rehabilitacion-visual.com.ar\/red\/wp-json\/wp\/v2\/types\/page"}],"author":[{"embeddable":true,"href":"https:\/\/red-rehabilitacion-visual.com.ar\/red\/wp-json\/wp\/v2\/users\/1"}],"replies":[{"embeddable":true,"href":"https:\/\/red-rehabilitacion-visual.com.ar\/red\/wp-json\/wp\/v2\/comments?post=91"}],"version-history":[{"count":18,"href":"https:\/\/red-rehabilitacion-visual.com.ar\/red\/wp-json\/wp\/v2\/pages\/91\/revisions"}],"predecessor-version":[{"id":263,"href":"https:\/\/red-rehabilitacion-visual.com.ar\/red\/wp-json\/wp\/v2\/pages\/91\/revisions\/263"}],"wp:attachment":[{"href":"https:\/\/red-rehabilitacion-visual.com.ar\/red\/wp-json\/wp\/v2\/media?parent=91"}],"curies":[{"name":"wp","href":"https:\/\/api.w.org\/{rel}","templated":true}]}}